{"id":715,"date":"2021-02-20T15:58:39","date_gmt":"2021-02-20T14:58:39","guid":{"rendered":"https:\/\/boucheix-musee.com\/tribute-to-the-great-painters\/"},"modified":"2021-02-20T21:44:41","modified_gmt":"2021-02-20T20:44:41","slug":"tribute-to-the-great-painters","status":"publish","type":"page","link":"https:\/\/boucheix-musee.com\/en\/tribute-to-the-great-painters\/","title":{"rendered":"Tribute to the great painters"},"content":{"rendered":"<p>[et_pb_section fb_built=&#8221;1&#8243; admin_label=&#8221;Musiciens&#8221; _builder_version=&#8221;4.6.5&#8243; _module_preset=&#8221;default&#8221; background_color=&#8221;#000000&#8243; background_enable_image=&#8221;off&#8221; background_blend=&#8221;difference&#8221; top_divider_color=&#8221;rgba(247,0,0,0.37)&#8221; top_divider_flip=&#8221;horizontal&#8221; bottom_divider_color=&#8221;rgba(247,0,0,0.37)&#8221; bottom_divider_repeat=&#8221;2x&#8221;][et_pb_row _builder_version=&#8221;4.6.5&#8243; _module_preset=&#8221;default&#8221;][et_pb_column type=&#8221;4_4&#8243; _builder_version=&#8221;4.6.5&#8243; _module_preset=&#8221;default&#8221;][et_pb_text _builder_version=&#8221;4.6.5&#8243; _module_preset=&#8221;default&#8221; header_font=&#8221;|600||on|||||&#8221; header_text_align=&#8221;center&#8221; header_text_color=&#8221;#ffffff&#8221; header_font_size=&#8221;40px&#8221; header_letter_spacing=&#8221;1px&#8221; header_text_shadow_style=&#8221;preset1&#8243; header_text_shadow_vertical_length=&#8221;0.07em&#8221;]<\/p>\n<h1>tribute to the great painters<\/h1>\n<p>[\/et_pb_text][\/et_pb_column][\/et_pb_row][et_pb_row _builder_version=&#8221;4.6.5&#8243; _module_preset=&#8221;default&#8221; transform_scale_tablet=&#8221;&#8221; transform_scale_phone=&#8221;&#8221; transform_scale_last_edited=&#8221;on|phone&#8221; transform_translate_tablet=&#8221;&#8221; transform_translate_phone=&#8221;&#8221; transform_translate_last_edited=&#8221;on|desktop&#8221; transform_rotate_tablet=&#8221;&#8221; transform_rotate_phone=&#8221;&#8221; transform_rotate_last_edited=&#8221;on|desktop&#8221; transform_skew_tablet=&#8221;&#8221; transform_skew_phone=&#8221;&#8221; transform_skew_last_edited=&#8221;on|phone&#8221; transform_skew_linked=&#8221;off&#8221; transform_origin_tablet=&#8221;&#8221; transform_origin_phone=&#8221;&#8221; transform_origin_last_edited=&#8221;on|desktop&#8221; transform_styles_last_edited=&#8221;on|phone&#8221; transform_styles_tablet=&#8221;&#8221; transform_styles_phone=&#8221;&#8221;][et_pb_column type=&#8221;4_4&#8243; _builder_version=&#8221;4.6.5&#8243; _module_preset=&#8221;default&#8221;][et_pb_gallery _builder_version=&#8221;4.9.0&#8243; _module_preset=&#8221;default&#8221; posts_number=&#8221;20&#8243; title_font=&#8221;|600|||||||&#8221; title_text_align=&#8221;center&#8221; title_text_color=&#8221;#FFFFFF&#8221; gallery_ids=&#8221;971,928,930,932,934,936,938,940,942,944,946,948,950,952,954,956,958,960&#8243; hover_enabled=&#8221;0&#8243; sticky_enabled=&#8221;0&#8243;][\/et_pb_gallery][\/et_pb_column][\/et_pb_row][\/et_pb_section]<\/p>\n","protected":false},"excerpt":{"rendered":"<p>tribute to the great painters<\/p>\n","protected":false},"author":1,"featured_media":0,"parent":0,"menu_order":0,"comment_status":"closed","ping_status":"closed","template":"","meta":{"_et_pb_use_builder":"on","_et_pb_old_content":"","_et_gb_content_width":"","footnotes":""},"folder":[],"yoast_head":"<!-- This site is optimized with the Yoast SEO plugin v21.7 - https:\/\/yoast.com\/wordpress\/plugins\/seo\/ -->\n<title>Tribute to the great painters - Mus\u00e9e Surr\u00e9aliste Fran\u00e7ois Boucheix<\/title>\n<meta name=\"robots\" content=\"index, follow, max-snippet:-1, max-image-preview:large, max-video-preview:-1\" \/>\n<link rel=\"canonical\" href=\"https:\/\/boucheix-musee.com\/en\/tribute-to-the-great-painters\/\" \/>\n<meta property=\"og:locale\" content=\"en_US\" \/>\n<meta property=\"og:type\" content=\"article\" \/>\n<meta property=\"og:title\" content=\"Tribute to the great painters - Mus\u00e9e Surr\u00e9aliste Fran\u00e7ois Boucheix\" \/>\n<meta property=\"og:description\" content=\"tribute to the great painters\" \/>\n<meta property=\"og:url\" content=\"https:\/\/boucheix-musee.com\/en\/tribute-to-the-great-painters\/\" \/>\n<meta property=\"og:site_name\" content=\"Mus\u00e9e Surr\u00e9aliste Fran\u00e7ois Boucheix\" \/>\n<meta property=\"article:modified_time\" content=\"2021-02-20T20:44:41+00:00\" \/>\n<meta name=\"twitter:card\" content=\"summary_large_image\" \/>\n<meta name=\"twitter:label1\" content=\"Est. reading time\" \/>\n\t<meta name=\"twitter:data1\" content=\"1 minute\" \/>\n<script type=\"application\/ld+json\" class=\"yoast-schema-graph\">{\"@context\":\"https:\/\/schema.org\",\"@graph\":[{\"@type\":\"WebPage\",\"@id\":\"https:\/\/boucheix-musee.com\/en\/tribute-to-the-great-painters\/\",\"url\":\"https:\/\/boucheix-musee.com\/en\/tribute-to-the-great-painters\/\",\"name\":\"Tribute to the great painters - Mus\u00e9e Surr\u00e9aliste Fran\u00e7ois Boucheix\",\"isPartOf\":{\"@id\":\"https:\/\/boucheix-musee.com\/en\/#website\"},\"datePublished\":\"2021-02-20T14:58:39+00:00\",\"dateModified\":\"2021-02-20T20:44:41+00:00\",\"breadcrumb\":{\"@id\":\"https:\/\/boucheix-musee.com\/en\/tribute-to-the-great-painters\/#breadcrumb\"},\"inLanguage\":\"en-US\",\"potentialAction\":[{\"@type\":\"ReadAction\",\"target\":[\"https:\/\/boucheix-musee.com\/en\/tribute-to-the-great-painters\/\"]}]},{\"@type\":\"BreadcrumbList\",\"@id\":\"https:\/\/boucheix-musee.com\/en\/tribute-to-the-great-painters\/#breadcrumb\",\"itemListElement\":[{\"@type\":\"ListItem\",\"position\":1,\"name\":\"Accueil\",\"item\":\"https:\/\/boucheix-musee.com\/en\/\"},{\"@type\":\"ListItem\",\"position\":2,\"name\":\"Tribute to the great painters\"}]},{\"@type\":\"WebSite\",\"@id\":\"https:\/\/boucheix-musee.com\/en\/#website\",\"url\":\"https:\/\/boucheix-musee.com\/en\/\",\"name\":\"Mus\u00e9e Surr\u00e9aliste Fran\u00e7ois Boucheix\",\"description\":\"Le r\u00eave et la lumi\u00e8re\",\"potentialAction\":[{\"@type\":\"SearchAction\",\"target\":{\"@type\":\"EntryPoint\",\"urlTemplate\":\"https:\/\/boucheix-musee.com\/en\/?s={search_term_string}\"},\"query-input\":\"required name=search_term_string\"}],\"inLanguage\":\"en-US\"}]}<\/script>\n<!-- \/ Yoast SEO plugin. -->","yoast_head_json":{"title":"Tribute to the great painters - Mus\u00e9e Surr\u00e9aliste Fran\u00e7ois Boucheix","robots":{"index":"index","follow":"follow","max-snippet":"max-snippet:-1","max-image-preview":"max-image-preview:large","max-video-preview":"max-video-preview:-1"},"canonical":"https:\/\/boucheix-musee.com\/en\/tribute-to-the-great-painters\/","og_locale":"en_US","og_type":"article","og_title":"Tribute to the great painters - Mus\u00e9e Surr\u00e9aliste Fran\u00e7ois Boucheix","og_description":"tribute to the great painters","og_url":"https:\/\/boucheix-musee.com\/en\/tribute-to-the-great-painters\/","og_site_name":"Mus\u00e9e Surr\u00e9aliste Fran\u00e7ois Boucheix","article_modified_time":"2021-02-20T20:44:41+00:00","twitter_card":"summary_large_image","twitter_misc":{"Est. reading time":"1 minute"},"schema":{"@context":"https:\/\/schema.org","@graph":[{"@type":"WebPage","@id":"https:\/\/boucheix-musee.com\/en\/tribute-to-the-great-painters\/","url":"https:\/\/boucheix-musee.com\/en\/tribute-to-the-great-painters\/","name":"Tribute to the great painters - Mus\u00e9e Surr\u00e9aliste Fran\u00e7ois Boucheix","isPartOf":{"@id":"https:\/\/boucheix-musee.com\/en\/#website"},"datePublished":"2021-02-20T14:58:39+00:00","dateModified":"2021-02-20T20:44:41+00:00","breadcrumb":{"@id":"https:\/\/boucheix-musee.com\/en\/tribute-to-the-great-painters\/#breadcrumb"},"inLanguage":"en-US","potentialAction":[{"@type":"ReadAction","target":["https:\/\/boucheix-musee.com\/en\/tribute-to-the-great-painters\/"]}]},{"@type":"BreadcrumbList","@id":"https:\/\/boucheix-musee.com\/en\/tribute-to-the-great-painters\/#breadcrumb","itemListElement":[{"@type":"ListItem","position":1,"name":"Accueil","item":"https:\/\/boucheix-musee.com\/en\/"},{"@type":"ListItem","position":2,"name":"Tribute to the great painters"}]},{"@type":"WebSite","@id":"https:\/\/boucheix-musee.com\/en\/#website","url":"https:\/\/boucheix-musee.com\/en\/","name":"Mus\u00e9e Surr\u00e9aliste Fran\u00e7ois Boucheix","description":"Le r\u00eave et la lumi\u00e8re","potentialAction":[{"@type":"SearchAction","target":{"@type":"EntryPoint","urlTemplate":"https:\/\/boucheix-musee.com\/en\/?s={search_term_string}"},"query-input":"required name=search_term_string"}],"inLanguage":"en-US"}]}},"_links":{"self":[{"href":"https:\/\/boucheix-musee.com\/en\/wp-json\/wp\/v2\/pages\/715"}],"collection":[{"href":"https:\/\/boucheix-musee.com\/en\/wp-json\/wp\/v2\/pages"}],"about":[{"href":"https:\/\/boucheix-musee.com\/en\/wp-json\/wp\/v2\/types\/page"}],"author":[{"embeddable":true,"href":"https:\/\/boucheix-musee.com\/en\/wp-json\/wp\/v2\/users\/1"}],"replies":[{"embeddable":true,"href":"https:\/\/boucheix-musee.com\/en\/wp-json\/wp\/v2\/comments?post=715"}],"version-history":[{"count":10,"href":"https:\/\/boucheix-musee.com\/en\/wp-json\/wp\/v2\/pages\/715\/revisions"}],"predecessor-version":[{"id":973,"href":"https:\/\/boucheix-musee.com\/en\/wp-json\/wp\/v2\/pages\/715\/revisions\/973"}],"wp:attachment":[{"href":"https:\/\/boucheix-musee.com\/en\/wp-json\/wp\/v2\/media?parent=715"}],"wp:term":[{"taxonomy":"folder","embeddable":true,"href":"https:\/\/boucheix-musee.com\/en\/wp-json\/wp\/v2\/folder?post=715"}],"curies":[{"name":"wp","href":"https:\/\/api.w.org\/{rel}","templated":true}]}}