{"id":695,"date":"2021-02-19T13:54:06","date_gmt":"2021-02-19T12:54:06","guid":{"rendered":"https:\/\/boucheix-musee.com\/legal-notice\/"},"modified":"2021-02-19T13:55:11","modified_gmt":"2021-02-19T12:55:11","slug":"legal-notice","status":"publish","type":"page","link":"https:\/\/boucheix-musee.com\/en\/legal-notice\/","title":{"rendered":"Legal Notice"},"content":{"rendered":"<p>[et_pb_section fb_built=&#8221;1&#8243; _builder_version=&#8221;4.6.5&#8243; _module_preset=&#8221;default&#8221; background_color=&#8221;#ffffff&#8221; background_image=&#8221;http:\/\/boucheix-musee.com\/mb2021\/wp-content\/uploads\/2020\/11\/fond-01.jpg&#8221; background_blend=&#8221;multiply&#8221;][et_pb_row column_structure=&#8221;3_5,2_5&#8243; _builder_version=&#8221;4.6.5&#8243; _module_preset=&#8221;default&#8221; background_color=&#8221;#ffffff&#8221; custom_margin=&#8221;2vw||||false|false&#8221; custom_padding=&#8221;1vw|1vw|1vw|1vw|true|true&#8221; scroll_vertical_motion=&#8221;0|50|50|100|4|0|0&#8243; hover_enabled=&#8221;0&#8243; box_shadow_style=&#8221;preset2&#8243; sticky_enabled=&#8221;0&#8243;][et_pb_column type=&#8221;3_5&#8243; _builder_version=&#8221;4.6.5&#8243; _module_preset=&#8221;default&#8221;][et_pb_text _builder_version=&#8221;4.6.5&#8243; _module_preset=&#8221;default&#8221; text_font=&#8221;Adamina||||||||&#8221; text_text_color=&#8221;#000000&#8243; text_font_size=&#8221;16px&#8221; text_line_height=&#8221;1.72em&#8221; header_font=&#8221;|600|||||||&#8221; header_2_font=&#8221;|600|||||||&#8221; header_2_font_size=&#8221;20px&#8221; hover_enabled=&#8221;0&#8243; sticky_enabled=&#8221;0&#8243;]<\/p>\n<h1>Legal Notice<\/h1>\n<p>&nbsp;<\/p>\n<h2>Website hosting<\/h2>\n<p>STRATO AG<br \/>\nPublic limited company<br \/>\nPascalstra\u00dfe 10, 10587 Berlin, Germany<br \/>\nTrade register: Berlin Charlottenburg HRB 79450<br \/>\nEU VAT Number: DE 211 045 709<br \/>\n&nbsp;<\/p>\n<h2>Website boucheix-musee.com<\/h2>\n<p>Director of publication: Fran\u00e7ois Boucheix<br \/>\n&nbsp;<\/p>\n<h2>Use of personal data collected.<\/h2>\n<p>Contact forms<br \/>\nWe do not store any personal data on this website. When you leave your details using the contact forms, your email address is only used to reply to you.<br \/>\n&nbsp;<\/p>\n<h2>Cookies<\/h2>\n<p>This website does not use any cookies.<\/p>\n<h2>Embedded content from other sites<\/h2>\n<p>Articles on this site may include embedded content (e.g. videos, images, articles&#8230;). Integrated contents from other sites behave in the same way as if the visitor were visiting this other site.<\/p>\n<p>Those websites may collect data about you, use cookies, embed third-party tracking tools, track your interactions with such embedded contents if you have an account connected to their website. <\/p>\n<h2>Contact details<\/h2>\n<p>You can contact us via the forms on this website or by mail at the following postal address:<br \/>\nMus\u00e9e Fran\u00e7ois Boucheix<br \/>\n7 rue Sornin<br \/>\n03200 Vichy<\/p>\n<h2>Picture Credits<\/h2>\n<p>Mus\u00e9e Boucheix<\/p>\n<h2>Website design and production<\/h2>\n<p><a href=\"https:\/\/graphil.com\" target=\"_blank\" rel=\"noopener\">Graphil.com<\/a>[\/et_pb_text][\/et_pb_column][et_pb_column type=&#8221;2_5&#8243; _builder_version=&#8221;4.6.5&#8243; _module_preset=&#8221;default&#8221;][\/et_pb_column][\/et_pb_row][\/et_pb_section]<\/p>\n","protected":false},"excerpt":{"rendered":"<p>Legal Notice &nbsp; Website hosting STRATO AG Public limited company Pascalstra\u00dfe 10, 10587 Berlin, Germany Trade register: Berlin Charlottenburg HRB 79450 EU VAT Number: DE 211 045 709 &nbsp; Website boucheix-musee.com Director of publication: Fran\u00e7ois Boucheix &nbsp; Use of personal data collected. Contact forms We do not store any personal data on this website. When [&hellip;]<\/p>\n","protected":false},"author":1,"featured_media":0,"parent":0,"menu_order":0,"comment_status":"closed","ping_status":"closed","template":"","meta":{"_et_pb_use_builder":"on","_et_pb_old_content":"","_et_gb_content_width":"","footnotes":""},"folder":[],"yoast_head":"<!-- This site is optimized with the Yoast SEO plugin v21.7 - https:\/\/yoast.com\/wordpress\/plugins\/seo\/ -->\n<title>Legal Notice - Mus\u00e9e Surr\u00e9aliste Fran\u00e7ois Boucheix<\/title>\n<meta name=\"robots\" content=\"index, follow, max-snippet:-1, max-image-preview:large, max-video-preview:-1\" \/>\n<link rel=\"canonical\" href=\"https:\/\/boucheix-musee.com\/en\/legal-notice\/\" \/>\n<meta property=\"og:locale\" content=\"en_US\" \/>\n<meta property=\"og:type\" content=\"article\" \/>\n<meta property=\"og:title\" content=\"Legal Notice - Mus\u00e9e Surr\u00e9aliste Fran\u00e7ois Boucheix\" \/>\n<meta property=\"og:description\" content=\"Legal Notice &nbsp; Website hosting STRATO AG Public limited company Pascalstra\u00dfe 10, 10587 Berlin, Germany Trade register: Berlin Charlottenburg HRB 79450 EU VAT Number: DE 211 045 709 &nbsp; Website boucheix-musee.com Director of publication: Fran\u00e7ois Boucheix &nbsp; Use of personal data collected. Contact forms We do not store any personal data on this website. When [&hellip;]\" \/>\n<meta property=\"og:url\" content=\"https:\/\/boucheix-musee.com\/en\/legal-notice\/\" \/>\n<meta property=\"og:site_name\" content=\"Mus\u00e9e Surr\u00e9aliste Fran\u00e7ois Boucheix\" \/>\n<meta property=\"article:modified_time\" content=\"2021-02-19T12:55:11+00:00\" \/>\n<meta name=\"twitter:card\" content=\"summary_large_image\" \/>\n<meta name=\"twitter:label1\" content=\"Est. reading time\" \/>\n\t<meta name=\"twitter:data1\" content=\"2 minutes\" \/>\n<script type=\"application\/ld+json\" class=\"yoast-schema-graph\">{\"@context\":\"https:\/\/schema.org\",\"@graph\":[{\"@type\":\"WebPage\",\"@id\":\"https:\/\/boucheix-musee.com\/en\/legal-notice\/\",\"url\":\"https:\/\/boucheix-musee.com\/en\/legal-notice\/\",\"name\":\"Legal Notice - Mus\u00e9e Surr\u00e9aliste Fran\u00e7ois Boucheix\",\"isPartOf\":{\"@id\":\"https:\/\/boucheix-musee.com\/en\/#website\"},\"datePublished\":\"2021-02-19T12:54:06+00:00\",\"dateModified\":\"2021-02-19T12:55:11+00:00\",\"breadcrumb\":{\"@id\":\"https:\/\/boucheix-musee.com\/en\/legal-notice\/#breadcrumb\"},\"inLanguage\":\"en-US\",\"potentialAction\":[{\"@type\":\"ReadAction\",\"target\":[\"https:\/\/boucheix-musee.com\/en\/legal-notice\/\"]}]},{\"@type\":\"BreadcrumbList\",\"@id\":\"https:\/\/boucheix-musee.com\/en\/legal-notice\/#breadcrumb\",\"itemListElement\":[{\"@type\":\"ListItem\",\"position\":1,\"name\":\"Accueil\",\"item\":\"https:\/\/boucheix-musee.com\/en\/\"},{\"@type\":\"ListItem\",\"position\":2,\"name\":\"Legal Notice\"}]},{\"@type\":\"WebSite\",\"@id\":\"https:\/\/boucheix-musee.com\/en\/#website\",\"url\":\"https:\/\/boucheix-musee.com\/en\/\",\"name\":\"Mus\u00e9e Surr\u00e9aliste Fran\u00e7ois Boucheix\",\"description\":\"Le r\u00eave et la lumi\u00e8re\",\"potentialAction\":[{\"@type\":\"SearchAction\",\"target\":{\"@type\":\"EntryPoint\",\"urlTemplate\":\"https:\/\/boucheix-musee.com\/en\/?s={search_term_string}\"},\"query-input\":\"required name=search_term_string\"}],\"inLanguage\":\"en-US\"}]}<\/script>\n<!-- \/ Yoast SEO plugin. -->","yoast_head_json":{"title":"Legal Notice - Mus\u00e9e Surr\u00e9aliste Fran\u00e7ois Boucheix","robots":{"index":"index","follow":"follow","max-snippet":"max-snippet:-1","max-image-preview":"max-image-preview:large","max-video-preview":"max-video-preview:-1"},"canonical":"https:\/\/boucheix-musee.com\/en\/legal-notice\/","og_locale":"en_US","og_type":"article","og_title":"Legal Notice - Mus\u00e9e Surr\u00e9aliste Fran\u00e7ois Boucheix","og_description":"Legal Notice &nbsp; Website hosting STRATO AG Public limited company Pascalstra\u00dfe 10, 10587 Berlin, Germany Trade register: Berlin Charlottenburg HRB 79450 EU VAT Number: DE 211 045 709 &nbsp; Website boucheix-musee.com Director of publication: Fran\u00e7ois Boucheix &nbsp; Use of personal data collected. Contact forms We do not store any personal data on this website. When [&hellip;]","og_url":"https:\/\/boucheix-musee.com\/en\/legal-notice\/","og_site_name":"Mus\u00e9e Surr\u00e9aliste Fran\u00e7ois Boucheix","article_modified_time":"2021-02-19T12:55:11+00:00","twitter_card":"summary_large_image","twitter_misc":{"Est. reading time":"2 minutes"},"schema":{"@context":"https:\/\/schema.org","@graph":[{"@type":"WebPage","@id":"https:\/\/boucheix-musee.com\/en\/legal-notice\/","url":"https:\/\/boucheix-musee.com\/en\/legal-notice\/","name":"Legal Notice - Mus\u00e9e Surr\u00e9aliste Fran\u00e7ois Boucheix","isPartOf":{"@id":"https:\/\/boucheix-musee.com\/en\/#website"},"datePublished":"2021-02-19T12:54:06+00:00","dateModified":"2021-02-19T12:55:11+00:00","breadcrumb":{"@id":"https:\/\/boucheix-musee.com\/en\/legal-notice\/#breadcrumb"},"inLanguage":"en-US","potentialAction":[{"@type":"ReadAction","target":["https:\/\/boucheix-musee.com\/en\/legal-notice\/"]}]},{"@type":"BreadcrumbList","@id":"https:\/\/boucheix-musee.com\/en\/legal-notice\/#breadcrumb","itemListElement":[{"@type":"ListItem","position":1,"name":"Accueil","item":"https:\/\/boucheix-musee.com\/en\/"},{"@type":"ListItem","position":2,"name":"Legal Notice"}]},{"@type":"WebSite","@id":"https:\/\/boucheix-musee.com\/en\/#website","url":"https:\/\/boucheix-musee.com\/en\/","name":"Mus\u00e9e Surr\u00e9aliste Fran\u00e7ois Boucheix","description":"Le r\u00eave et la lumi\u00e8re","potentialAction":[{"@type":"SearchAction","target":{"@type":"EntryPoint","urlTemplate":"https:\/\/boucheix-musee.com\/en\/?s={search_term_string}"},"query-input":"required name=search_term_string"}],"inLanguage":"en-US"}]}},"_links":{"self":[{"href":"https:\/\/boucheix-musee.com\/en\/wp-json\/wp\/v2\/pages\/695"}],"collection":[{"href":"https:\/\/boucheix-musee.com\/en\/wp-json\/wp\/v2\/pages"}],"about":[{"href":"https:\/\/boucheix-musee.com\/en\/wp-json\/wp\/v2\/types\/page"}],"author":[{"embeddable":true,"href":"https:\/\/boucheix-musee.com\/en\/wp-json\/wp\/v2\/users\/1"}],"replies":[{"embeddable":true,"href":"https:\/\/boucheix-musee.com\/en\/wp-json\/wp\/v2\/comments?post=695"}],"version-history":[{"count":8,"href":"https:\/\/boucheix-musee.com\/en\/wp-json\/wp\/v2\/pages\/695\/revisions"}],"predecessor-version":[{"id":703,"href":"https:\/\/boucheix-musee.com\/en\/wp-json\/wp\/v2\/pages\/695\/revisions\/703"}],"wp:attachment":[{"href":"https:\/\/boucheix-musee.com\/en\/wp-json\/wp\/v2\/media?parent=695"}],"wp:term":[{"taxonomy":"folder","embeddable":true,"href":"https:\/\/boucheix-musee.com\/en\/wp-json\/wp\/v2\/folder?post=695"}],"curies":[{"name":"wp","href":"https:\/\/api.w.org\/{rel}","templated":true}]}}