{"id":1128,"date":"2021-03-15T10:31:42","date_gmt":"2021-03-15T09:31:42","guid":{"rendered":"https:\/\/boucheix-musee.com\/shop\/"},"modified":"2021-03-25T14:08:21","modified_gmt":"2021-03-25T13:08:21","slug":"shop","status":"publish","type":"page","link":"https:\/\/boucheix-musee.com\/en\/shop\/","title":{"rendered":"Shop"},"content":{"rendered":"<p>[et_pb_section fb_built=&#8221;1&#8243; _builder_version=&#8221;4.9.0&#8243; _module_preset=&#8221;default&#8221; background_color=&#8221;#000000&#8243;][et_pb_row _builder_version=&#8221;4.9.0&#8243; _module_preset=&#8221;default&#8221;][et_pb_column type=&#8221;4_4&#8243; _builder_version=&#8221;4.9.0&#8243; _module_preset=&#8221;default&#8221;][et_pb_text _builder_version=&#8221;4.9.0&#8243; _module_preset=&#8221;default&#8221; text_text_color=&#8221;#FFFFFF&#8221; header_text_color=&#8221;#FFFFFF&#8221; text_orientation=&#8221;center&#8221;]<\/p>\n<h1>Prints<\/h1>\n<p>[\/et_pb_text][\/et_pb_column][\/et_pb_row][et_pb_row _builder_version=&#8221;4.9.0&#8243; _module_preset=&#8221;default&#8221;][et_pb_column type=&#8221;4_4&#8243; _builder_version=&#8221;4.9.0&#8243; _module_preset=&#8221;default&#8221;][et_pb_text _builder_version=&#8221;4.9.0&#8243; _module_preset=&#8221;default&#8221; text_text_color=&#8221;#FFFFFF&#8221; text_line_height=&#8221;1.5em&#8221; background_color=&#8221;#000000&#8243; text_orientation=&#8221;center&#8221; max_width=&#8221;96%&#8221; custom_margin=&#8221;-10px||-13px||false|false&#8221; custom_padding=&#8221;0px||0px||false|false&#8221; hover_enabled=&#8221;0&#8243; text_font_tablet=&#8221;&#8221; text_font_phone=&#8221;&#8221; text_font_last_edited=&#8221;on|desktop&#8221; sticky_enabled=&#8221;0&#8243;]<\/p>\n<p><strong>The prints shown below are available in the following formats :<\/strong><\/p>\n<p><em>55x46cm unretouched or\u00a0<\/em><em>retouched with acrylic \/ ink;<\/em><\/p>\n<p><em>61x50cm unretouched or<\/em><em> retouched with acrylic \/ ink;<\/em><\/p>\n<p><span style=\"color: #999999;\">Shipped with its certificate of authenticity<\/span><\/p>\n<p><strong><em><\/em><\/strong><\/p>\n<p>[\/et_pb_text][\/et_pb_column][\/et_pb_row][et_pb_row _builder_version=&#8221;4.9.0&#8243; _module_preset=&#8221;default&#8221;][et_pb_column type=&#8221;4_4&#8243; _builder_version=&#8221;4.9.0&#8243; _module_preset=&#8221;default&#8221;][et_pb_gallery gallery_ids=&#8221;1099,1097,1095,1093,1091,1089,1087,1085,1083,1081,1079,1077,1075,1073&#8243; posts_number=&#8221;14&#8243; show_pagination=&#8221;off&#8221; _builder_version=&#8221;4.9.0&#8243; _module_preset=&#8221;default&#8221; caption_text_align=&#8221;justify&#8221; caption_font_size=&#8221;7px&#8221; background_color=&#8221;#000000&#8243; text_orientation=&#8221;center&#8221; background_layout=&#8221;dark&#8221; custom_margin=&#8221;0px||||false|false&#8221; custom_padding=&#8221;0px||||false|false&#8221;][\/et_pb_gallery][\/et_pb_column][\/et_pb_row][et_pb_row _builder_version=&#8221;4.9.0&#8243; _module_preset=&#8221;default&#8221; min_height=&#8221;168.3px&#8221; custom_padding=&#8221;14px|||||&#8221;][et_pb_column type=&#8221;4_4&#8243; _builder_version=&#8221;4.9.0&#8243; _module_preset=&#8221;default&#8221;][et_pb_text _builder_version=&#8221;4.9.0&#8243; _module_preset=&#8221;default&#8221; text_text_color=&#8221;#FFFFFF&#8221; header_font_size=&#8221;26px&#8221; text_orientation=&#8221;center&#8221; custom_padding=&#8221;0px||0px||false|false&#8221;]<\/p>\n<p><u>Contacts for any information or orders:<\/u><\/p>\n<p><strong><em>shop.museumboucheix@gmail.com<\/em><\/strong><\/p>\n<p><strong><em>+ 33 (0)6 73 10 51 02<\/em><\/strong><\/p>\n<p><strong><em>+33 (0)470 314 992<\/em><\/strong><\/p>\n<p>[\/et_pb_text][\/et_pb_column][\/et_pb_row][\/et_pb_section]<\/p>\n","protected":false},"excerpt":{"rendered":"<p>PrintsThe prints shown below are available in the following formats : 55x46cm unretouched or\u00a0retouched with acrylic \/ ink; 61x50cm unretouched or retouched with acrylic \/ ink; Shipped with its certificate of authenticity Contacts for any information or orders: shop.museumboucheix@gmail.com + 33 (0)6 73 10 51 02 +33 (0)470 314 992<\/p>\n","protected":false},"author":1,"featured_media":0,"parent":0,"menu_order":0,"comment_status":"closed","ping_status":"closed","template":"","meta":{"_et_pb_use_builder":"on","_et_pb_old_content":"","_et_gb_content_width":"","footnotes":""},"folder":[],"yoast_head":"<!-- This site is optimized with the Yoast SEO plugin v21.7 - https:\/\/yoast.com\/wordpress\/plugins\/seo\/ -->\n<title>Shop - Mus\u00e9e Surr\u00e9aliste Fran\u00e7ois Boucheix<\/title>\n<meta name=\"robots\" content=\"index, follow, max-snippet:-1, max-image-preview:large, max-video-preview:-1\" \/>\n<link rel=\"canonical\" href=\"https:\/\/boucheix-musee.com\/en\/shop\/\" \/>\n<meta property=\"og:locale\" content=\"en_US\" \/>\n<meta property=\"og:type\" content=\"article\" \/>\n<meta property=\"og:title\" content=\"Shop - Mus\u00e9e Surr\u00e9aliste Fran\u00e7ois Boucheix\" \/>\n<meta property=\"og:description\" content=\"PrintsThe prints shown below are available in the following formats : 55x46cm unretouched or\u00a0retouched with acrylic \/ ink; 61x50cm unretouched or retouched with acrylic \/ ink; Shipped with its certificate of authenticity Contacts for any information or orders: shop.museumboucheix@gmail.com + 33 (0)6 73 10 51 02 +33 (0)470 314 992\" \/>\n<meta property=\"og:url\" content=\"https:\/\/boucheix-musee.com\/en\/shop\/\" \/>\n<meta property=\"og:site_name\" content=\"Mus\u00e9e Surr\u00e9aliste Fran\u00e7ois Boucheix\" \/>\n<meta property=\"article:modified_time\" content=\"2021-03-25T13:08:21+00:00\" \/>\n<meta name=\"twitter:card\" content=\"summary_large_image\" \/>\n<meta name=\"twitter:label1\" content=\"Est. reading time\" \/>\n\t<meta name=\"twitter:data1\" content=\"2 minutes\" \/>\n<script type=\"application\/ld+json\" class=\"yoast-schema-graph\">{\"@context\":\"https:\/\/schema.org\",\"@graph\":[{\"@type\":\"WebPage\",\"@id\":\"https:\/\/boucheix-musee.com\/en\/shop\/\",\"url\":\"https:\/\/boucheix-musee.com\/en\/shop\/\",\"name\":\"Shop - Mus\u00e9e Surr\u00e9aliste Fran\u00e7ois Boucheix\",\"isPartOf\":{\"@id\":\"https:\/\/boucheix-musee.com\/en\/#website\"},\"datePublished\":\"2021-03-15T09:31:42+00:00\",\"dateModified\":\"2021-03-25T13:08:21+00:00\",\"breadcrumb\":{\"@id\":\"https:\/\/boucheix-musee.com\/en\/shop\/#breadcrumb\"},\"inLanguage\":\"en-US\",\"potentialAction\":[{\"@type\":\"ReadAction\",\"target\":[\"https:\/\/boucheix-musee.com\/en\/shop\/\"]}]},{\"@type\":\"BreadcrumbList\",\"@id\":\"https:\/\/boucheix-musee.com\/en\/shop\/#breadcrumb\",\"itemListElement\":[{\"@type\":\"ListItem\",\"position\":1,\"name\":\"Accueil\",\"item\":\"https:\/\/boucheix-musee.com\/en\/\"},{\"@type\":\"ListItem\",\"position\":2,\"name\":\"Shop\"}]},{\"@type\":\"WebSite\",\"@id\":\"https:\/\/boucheix-musee.com\/en\/#website\",\"url\":\"https:\/\/boucheix-musee.com\/en\/\",\"name\":\"Mus\u00e9e Surr\u00e9aliste Fran\u00e7ois Boucheix\",\"description\":\"Le r\u00eave et la lumi\u00e8re\",\"potentialAction\":[{\"@type\":\"SearchAction\",\"target\":{\"@type\":\"EntryPoint\",\"urlTemplate\":\"https:\/\/boucheix-musee.com\/en\/?s={search_term_string}\"},\"query-input\":\"required name=search_term_string\"}],\"inLanguage\":\"en-US\"}]}<\/script>\n<!-- \/ Yoast SEO plugin. -->","yoast_head_json":{"title":"Shop - Mus\u00e9e Surr\u00e9aliste Fran\u00e7ois Boucheix","robots":{"index":"index","follow":"follow","max-snippet":"max-snippet:-1","max-image-preview":"max-image-preview:large","max-video-preview":"max-video-preview:-1"},"canonical":"https:\/\/boucheix-musee.com\/en\/shop\/","og_locale":"en_US","og_type":"article","og_title":"Shop - Mus\u00e9e Surr\u00e9aliste Fran\u00e7ois Boucheix","og_description":"PrintsThe prints shown below are available in the following formats : 55x46cm unretouched or\u00a0retouched with acrylic \/ ink; 61x50cm unretouched or retouched with acrylic \/ ink; Shipped with its certificate of authenticity Contacts for any information or orders: shop.museumboucheix@gmail.com + 33 (0)6 73 10 51 02 +33 (0)470 314 992","og_url":"https:\/\/boucheix-musee.com\/en\/shop\/","og_site_name":"Mus\u00e9e Surr\u00e9aliste Fran\u00e7ois Boucheix","article_modified_time":"2021-03-25T13:08:21+00:00","twitter_card":"summary_large_image","twitter_misc":{"Est. reading time":"2 minutes"},"schema":{"@context":"https:\/\/schema.org","@graph":[{"@type":"WebPage","@id":"https:\/\/boucheix-musee.com\/en\/shop\/","url":"https:\/\/boucheix-musee.com\/en\/shop\/","name":"Shop - Mus\u00e9e Surr\u00e9aliste Fran\u00e7ois Boucheix","isPartOf":{"@id":"https:\/\/boucheix-musee.com\/en\/#website"},"datePublished":"2021-03-15T09:31:42+00:00","dateModified":"2021-03-25T13:08:21+00:00","breadcrumb":{"@id":"https:\/\/boucheix-musee.com\/en\/shop\/#breadcrumb"},"inLanguage":"en-US","potentialAction":[{"@type":"ReadAction","target":["https:\/\/boucheix-musee.com\/en\/shop\/"]}]},{"@type":"BreadcrumbList","@id":"https:\/\/boucheix-musee.com\/en\/shop\/#breadcrumb","itemListElement":[{"@type":"ListItem","position":1,"name":"Accueil","item":"https:\/\/boucheix-musee.com\/en\/"},{"@type":"ListItem","position":2,"name":"Shop"}]},{"@type":"WebSite","@id":"https:\/\/boucheix-musee.com\/en\/#website","url":"https:\/\/boucheix-musee.com\/en\/","name":"Mus\u00e9e Surr\u00e9aliste Fran\u00e7ois Boucheix","description":"Le r\u00eave et la lumi\u00e8re","potentialAction":[{"@type":"SearchAction","target":{"@type":"EntryPoint","urlTemplate":"https:\/\/boucheix-musee.com\/en\/?s={search_term_string}"},"query-input":"required name=search_term_string"}],"inLanguage":"en-US"}]}},"_links":{"self":[{"href":"https:\/\/boucheix-musee.com\/en\/wp-json\/wp\/v2\/pages\/1128"}],"collection":[{"href":"https:\/\/boucheix-musee.com\/en\/wp-json\/wp\/v2\/pages"}],"about":[{"href":"https:\/\/boucheix-musee.com\/en\/wp-json\/wp\/v2\/types\/page"}],"author":[{"embeddable":true,"href":"https:\/\/boucheix-musee.com\/en\/wp-json\/wp\/v2\/users\/1"}],"replies":[{"embeddable":true,"href":"https:\/\/boucheix-musee.com\/en\/wp-json\/wp\/v2\/comments?post=1128"}],"version-history":[{"count":11,"href":"https:\/\/boucheix-musee.com\/en\/wp-json\/wp\/v2\/pages\/1128\/revisions"}],"predecessor-version":[{"id":1150,"href":"https:\/\/boucheix-musee.com\/en\/wp-json\/wp\/v2\/pages\/1128\/revisions\/1150"}],"wp:attachment":[{"href":"https:\/\/boucheix-musee.com\/en\/wp-json\/wp\/v2\/media?parent=1128"}],"wp:term":[{"taxonomy":"folder","embeddable":true,"href":"https:\/\/boucheix-musee.com\/en\/wp-json\/wp\/v2\/folder?post=1128"}],"curies":[{"name":"wp","href":"https:\/\/api.w.org\/{rel}","templated":true}]}}